{"id":1174013,"date":"2023-10-02T14:51:46","date_gmt":"2023-10-02T11:51:46","guid":{"rendered":"https:\/\/woofy.org\/?page_id=1174013"},"modified":"2023-10-02T15:43:52","modified_gmt":"2023-10-02T12:43:52","slug":"blogi","status":"publish","type":"page","link":"https:\/\/woofy.org\/en\/blogi\/","title":{"rendered":"Blogi"},"content":{"rendered":"<div data-elementor-type=\"wp-page\" data-elementor-id=\"1174013\" class=\"elementor elementor-1174013\" data-elementor-post-type=\"page\">\n\t\t\t\t\t\t<section data-particle_enable=\"false\" data-particle-mobile-disabled=\"false\" class=\"elementor-section elementor-top-section elementor-element elementor-element-c4b28ca elementor-section-boxed elementor-section-height-default elementor-section-height-default\" data-id=\"c4b28ca\" data-element_type=\"section\" data-e-type=\"section\" data-settings=\"{&quot;jet_parallax_layout_list&quot;:[]}\">\n\t\t\t\t\t\t<div class=\"elementor-container elementor-column-gap-default\">\n\t\t\t\t\t<div class=\"elementor-column elementor-col-100 elementor-top-column elementor-element elementor-element-e1e0b76\" data-id=\"e1e0b76\" data-element_type=\"column\" data-e-type=\"column\">\n\t\t\t<div class=\"elementor-widget-wrap elementor-element-populated\">\n\t\t\t\t\t\t<div class=\"elementor-element elementor-element-a0c4aa2 elementor-grid-3 elementor-grid-tablet-2 elementor-grid-mobile-1 elementor-posts--thumbnail-top elementor-posts--show-avatar elementor-card-shadow-yes elementor-posts__hover-gradient elementor-widget elementor-widget-posts\" data-id=\"a0c4aa2\" data-element_type=\"widget\" data-e-type=\"widget\" data-settings=\"{&quot;cards_columns&quot;:&quot;3&quot;,&quot;cards_columns_tablet&quot;:&quot;2&quot;,&quot;cards_columns_mobile&quot;:&quot;1&quot;,&quot;cards_row_gap&quot;:{&quot;unit&quot;:&quot;px&quot;,&quot;size&quot;:35,&quot;sizes&quot;:[]},&quot;cards_row_gap_tablet&quot;:{&quot;unit&quot;:&quot;px&quot;,&quot;size&quot;:&quot;&quot;,&quot;sizes&quot;:[]},&quot;cards_row_gap_mobile&quot;:{&quot;unit&quot;:&quot;px&quot;,&quot;size&quot;:&quot;&quot;,&quot;sizes&quot;:[]}}\" data-widget_type=\"posts.cards\">\n\t\t\t\t<div class=\"elementor-widget-container\">\n\t\t\t\t\t\t\t<div class=\"elementor-posts-container elementor-posts elementor-posts--skin-cards elementor-grid\" role=\"list\">\n\t\t\t\t<article class=\"elementor-post elementor-grid-item post-1174059 post type-post status-publish format-standard has-post-thumbnail hentry category-kodulehed\" role=\"listitem\">\n\t\t\t<div class=\"elementor-post__card\">\n\t\t\t\t<a class=\"elementor-post__thumbnail__link\" href=\"https:\/\/woofy.org\/en\/kodulehe-tellimine-koik-mida-peate-teadma\/\" tabindex=\"-1\" ><div class=\"elementor-post__thumbnail\"><img decoding=\"async\" width=\"300\" height=\"137\" src=\"https:\/\/woofy.org\/wp-content\/uploads\/2020\/04\/csr-ee-kodulehe-tegemine-300x137.jpeg\" class=\"attachment-medium size-medium wp-image-6632\" alt=\"\" srcset=\"https:\/\/woofy.org\/wp-content\/uploads\/2020\/04\/csr-ee-kodulehe-tegemine-300x137.jpeg 300w, https:\/\/woofy.org\/wp-content\/uploads\/2020\/04\/csr-ee-kodulehe-tegemine-600x274.jpeg 600w, https:\/\/woofy.org\/wp-content\/uploads\/2020\/04\/csr-ee-kodulehe-tegemine-1024x467.jpeg 1024w, https:\/\/woofy.org\/wp-content\/uploads\/2020\/04\/csr-ee-kodulehe-tegemine-768x350.jpeg 768w, https:\/\/woofy.org\/wp-content\/uploads\/2020\/04\/csr-ee-kodulehe-tegemine-1536x701.jpeg 1536w, https:\/\/woofy.org\/wp-content\/uploads\/2020\/04\/csr-ee-kodulehe-tegemine-2048x934.jpeg 2048w, https:\/\/woofy.org\/wp-content\/uploads\/2020\/04\/csr-ee-kodulehe-tegemine-18x8.jpeg 18w\" sizes=\"(max-width: 300px) 100vw, 300px\" \/><\/div><\/a>\n\t\t\t\t<div class=\"elementor-post__badge\">Kodulehed<\/div>\n\t\t\t\t<div class=\"elementor-post__avatar\">\n\t\t\t<img alt='Gabriel Tornius' src='https:\/\/secure.gravatar.com\/avatar\/4e0101afdc99950f83f97f796a2d5ac4dea50aad9ac21a2c477ba04a7444f0d3?s=128&#038;d=mm&#038;r=g' srcset='https:\/\/secure.gravatar.com\/avatar\/4e0101afdc99950f83f97f796a2d5ac4dea50aad9ac21a2c477ba04a7444f0d3?s=256&#038;d=mm&#038;r=g 2x' class='avatar avatar-128 photo' height='128' width='128' \/>\t\t<\/div>\n\t\t\t\t<div class=\"elementor-post__text\">\n\t\t\t\t<h3 class=\"elementor-post__title\">\n\t\t\t<a href=\"https:\/\/woofy.org\/en\/kodulehe-tellimine-koik-mida-peate-teadma\/\" >\n\t\t\t\tKodulehe Tellimine: K\u00f5ik, Mida Peate Teadma\t\t\t<\/a>\n\t\t<\/h3>\n\t\t\t\t<div class=\"elementor-post__excerpt\">\n\t\t\t<p>Kui teie m\u00f5tetes on m\u00f5lkunud kodulehe tellimine v\u00f5i oma soetada ettev\u00f5ttele koduleht, siis see postitus on just teile. Kodulehe tellimine v\u00f5ib tunduda keeruline protsess, kuid<\/p>\n\t\t<\/div>\n\t\t\n\t\t<a class=\"elementor-post__read-more\" href=\"https:\/\/woofy.org\/en\/kodulehe-tellimine-koik-mida-peate-teadma\/\" aria-label=\"Read more about Kodulehe Tellimine: K\u00f5ik, Mida Peate Teadma\" tabindex=\"-1\" >\n\t\t\tRead More \u00bb\t\t<\/a>\n\n\t\t\t\t<\/div>\n\t\t\t\t<div class=\"elementor-post__meta-data\">\n\t\t\t\t\t<span class=\"elementor-post-date\">\n\t\t\tOctober 26, 2023\t\t<\/span>\n\t\t\t\t<span class=\"elementor-post-avatar\">\n\t\t\tNo Comments\t\t<\/span>\n\t\t\t\t<\/div>\n\t\t\t\t\t<\/div>\n\t\t<\/article>\n\t\t\t\t<article class=\"elementor-post elementor-grid-item post-1174020 post type-post status-publish format-standard has-post-thumbnail hentry category-kodulehed\" role=\"listitem\">\n\t\t\t<div class=\"elementor-post__card\">\n\t\t\t\t<a class=\"elementor-post__thumbnail__link\" href=\"https:\/\/woofy.org\/en\/kodulehe-tegemine\/\" tabindex=\"-1\" ><div class=\"elementor-post__thumbnail\"><img fetchpriority=\"high\" decoding=\"async\" width=\"300\" height=\"300\" src=\"https:\/\/woofy.org\/wp-content\/uploads\/2023\/10\/Vistula_Informatyka_inzynierskie_217762471-300x300.webp\" class=\"attachment-medium size-medium wp-image-1174027\" alt=\"kodulehe tegemine\" srcset=\"https:\/\/woofy.org\/wp-content\/uploads\/2023\/10\/Vistula_Informatyka_inzynierskie_217762471-300x300.webp 300w, https:\/\/woofy.org\/wp-content\/uploads\/2023\/10\/Vistula_Informatyka_inzynierskie_217762471-1024x1024.webp 1024w, https:\/\/woofy.org\/wp-content\/uploads\/2023\/10\/Vistula_Informatyka_inzynierskie_217762471-150x150.webp 150w, https:\/\/woofy.org\/wp-content\/uploads\/2023\/10\/Vistula_Informatyka_inzynierskie_217762471-768x768.webp 768w, https:\/\/woofy.org\/wp-content\/uploads\/2023\/10\/Vistula_Informatyka_inzynierskie_217762471-12x12.webp 12w, https:\/\/woofy.org\/wp-content\/uploads\/2023\/10\/Vistula_Informatyka_inzynierskie_217762471-230x230.webp 230w, https:\/\/woofy.org\/wp-content\/uploads\/2023\/10\/Vistula_Informatyka_inzynierskie_217762471-400x400.webp 400w, https:\/\/woofy.org\/wp-content\/uploads\/2023\/10\/Vistula_Informatyka_inzynierskie_217762471-600x600.webp 600w, https:\/\/woofy.org\/wp-content\/uploads\/2023\/10\/Vistula_Informatyka_inzynierskie_217762471-640x640.webp 640w, https:\/\/woofy.org\/wp-content\/uploads\/2023\/10\/Vistula_Informatyka_inzynierskie_217762471-100x100.webp 100w, https:\/\/woofy.org\/wp-content\/uploads\/2023\/10\/Vistula_Informatyka_inzynierskie_217762471.webp 1140w\" sizes=\"(max-width: 300px) 100vw, 300px\" \/><\/div><\/a>\n\t\t\t\t<div class=\"elementor-post__badge\">Kodulehed<\/div>\n\t\t\t\t<div class=\"elementor-post__avatar\">\n\t\t\t<img alt='Gabriel Tornius' src='https:\/\/secure.gravatar.com\/avatar\/4e0101afdc99950f83f97f796a2d5ac4dea50aad9ac21a2c477ba04a7444f0d3?s=128&#038;d=mm&#038;r=g' srcset='https:\/\/secure.gravatar.com\/avatar\/4e0101afdc99950f83f97f796a2d5ac4dea50aad9ac21a2c477ba04a7444f0d3?s=256&#038;d=mm&#038;r=g 2x' class='avatar avatar-128 photo' height='128' width='128' \/>\t\t<\/div>\n\t\t\t\t<div class=\"elementor-post__text\">\n\t\t\t\t<h3 class=\"elementor-post__title\">\n\t\t\t<a href=\"https:\/\/woofy.org\/en\/kodulehe-tegemine\/\" >\n\t\t\t\tKodulehe tegemine: samm-sammult juhend algajatele\t\t\t<\/a>\n\t\t<\/h3>\n\t\t\t\t<div class=\"elementor-post__excerpt\">\n\t\t\t<p>Kas olete kunagi m\u00f5elnud, kuidas oma koduleht luua? T\u00e4nap\u00e4eval on kodulehe tegemine olulisem kui kunagi varem, olgu selleks siis isiklik blogi, ettev\u00f5tte veebileht v\u00f5i veebipood.<\/p>\n\t\t<\/div>\n\t\t\n\t\t<a class=\"elementor-post__read-more\" href=\"https:\/\/woofy.org\/en\/kodulehe-tegemine\/\" aria-label=\"Read more about Kodulehe tegemine: samm-sammult juhend algajatele\" tabindex=\"-1\" >\n\t\t\tRead More \u00bb\t\t<\/a>\n\n\t\t\t\t<\/div>\n\t\t\t\t<div class=\"elementor-post__meta-data\">\n\t\t\t\t\t<span class=\"elementor-post-date\">\n\t\t\tOctober 2, 2023\t\t<\/span>\n\t\t\t\t<span class=\"elementor-post-avatar\">\n\t\t\tNo Comments\t\t<\/span>\n\t\t\t\t<\/div>\n\t\t\t\t\t<\/div>\n\t\t<\/article>\n\t\t\t\t<\/div>\n\t\t\n\t\t\t\t\t\t<\/div>\n\t\t\t\t<\/div>\n\t\t\t\t\t<\/div>\n\t\t<\/div>\n\t\t\t\t\t<\/div>\n\t\t<\/section>\n\t\t\t\t<\/div>","protected":false},"excerpt":{"rendered":"","protected":false},"author":23,"featured_media":0,"parent":0,"menu_order":0,"comment_status":"closed","ping_status":"closed","template":"elementor_header_footer","meta":{"_acf_changed":false,"footnotes":""},"class_list":["post-1174013","page","type-page","status-publish","hentry"],"acf":[],"yoast_head":"<!-- This site is optimized with the Yoast SEO plugin v26.5 - https:\/\/yoast.com\/wordpress\/plugins\/seo\/ -->\n<title>Blogi - Woofy<\/title>\n<meta name=\"robots\" content=\"index, follow, max-snippet:-1, max-image-preview:large, max-video-preview:-1\" \/>\n<link rel=\"canonical\" href=\"https:\/\/woofy.org\/en\/blogi\/\" \/>\n<meta property=\"og:locale\" content=\"en_GB\" \/>\n<meta property=\"og:type\" content=\"article\" \/>\n<meta property=\"og:title\" content=\"Blogi - Woofy\" \/>\n<meta property=\"og:url\" content=\"https:\/\/woofy.org\/en\/blogi\/\" \/>\n<meta property=\"og:site_name\" content=\"Woofy\" \/>\n<meta property=\"article:modified_time\" content=\"2023-10-02T12:43:52+00:00\" \/>\n<meta name=\"twitter:card\" content=\"summary_large_image\" \/>\n<script type=\"application\/ld+json\" class=\"yoast-schema-graph\">{\"@context\":\"https:\/\/schema.org\",\"@graph\":[{\"@type\":\"WebPage\",\"@id\":\"https:\/\/woofy.org\/blogi\/\",\"url\":\"https:\/\/woofy.org\/blogi\/\",\"name\":\"Blogi - Woofy\",\"isPartOf\":{\"@id\":\"https:\/\/woofy.org\/#website\"},\"datePublished\":\"2023-10-02T11:51:46+00:00\",\"dateModified\":\"2023-10-02T12:43:52+00:00\",\"breadcrumb\":{\"@id\":\"https:\/\/woofy.org\/blogi\/#breadcrumb\"},\"inLanguage\":\"en-GB\",\"potentialAction\":[{\"@type\":\"ReadAction\",\"target\":[\"https:\/\/woofy.org\/blogi\/\"]}]},{\"@type\":\"BreadcrumbList\",\"@id\":\"https:\/\/woofy.org\/blogi\/#breadcrumb\",\"itemListElement\":[{\"@type\":\"ListItem\",\"position\":1,\"name\":\"Home\",\"item\":\"https:\/\/woofy.org\/\"},{\"@type\":\"ListItem\",\"position\":2,\"name\":\"Blogi\"}]},{\"@type\":\"WebSite\",\"@id\":\"https:\/\/woofy.org\/#website\",\"url\":\"https:\/\/woofy.org\/\",\"name\":\"Woofy\",\"description\":\"Veebiagentuur, veebilahendused\",\"potentialAction\":[{\"@type\":\"SearchAction\",\"target\":{\"@type\":\"EntryPoint\",\"urlTemplate\":\"https:\/\/woofy.org\/?s={search_term_string}\"},\"query-input\":{\"@type\":\"PropertyValueSpecification\",\"valueRequired\":true,\"valueName\":\"search_term_string\"}}],\"inLanguage\":\"en-GB\"}]}<\/script>\n<!-- \/ Yoast SEO plugin. -->","yoast_head_json":{"title":"Blogi - Woofy","robots":{"index":"index","follow":"follow","max-snippet":"max-snippet:-1","max-image-preview":"max-image-preview:large","max-video-preview":"max-video-preview:-1"},"canonical":"https:\/\/woofy.org\/en\/blogi\/","og_locale":"en_GB","og_type":"article","og_title":"Blogi - Woofy","og_url":"https:\/\/woofy.org\/en\/blogi\/","og_site_name":"Woofy","article_modified_time":"2023-10-02T12:43:52+00:00","twitter_card":"summary_large_image","schema":{"@context":"https:\/\/schema.org","@graph":[{"@type":"WebPage","@id":"https:\/\/woofy.org\/blogi\/","url":"https:\/\/woofy.org\/blogi\/","name":"Blogi - Woofy","isPartOf":{"@id":"https:\/\/woofy.org\/#website"},"datePublished":"2023-10-02T11:51:46+00:00","dateModified":"2023-10-02T12:43:52+00:00","breadcrumb":{"@id":"https:\/\/woofy.org\/blogi\/#breadcrumb"},"inLanguage":"en-GB","potentialAction":[{"@type":"ReadAction","target":["https:\/\/woofy.org\/blogi\/"]}]},{"@type":"BreadcrumbList","@id":"https:\/\/woofy.org\/blogi\/#breadcrumb","itemListElement":[{"@type":"ListItem","position":1,"name":"Home","item":"https:\/\/woofy.org\/"},{"@type":"ListItem","position":2,"name":"Blogi"}]},{"@type":"WebSite","@id":"https:\/\/woofy.org\/#website","url":"https:\/\/woofy.org\/","name":"Woofy","description":"Veebiagentuur, veebilahendused","potentialAction":[{"@type":"SearchAction","target":{"@type":"EntryPoint","urlTemplate":"https:\/\/woofy.org\/?s={search_term_string}"},"query-input":{"@type":"PropertyValueSpecification","valueRequired":true,"valueName":"search_term_string"}}],"inLanguage":"en-GB"}]}},"_links":{"self":[{"href":"https:\/\/woofy.org\/en\/wp-json\/wp\/v2\/pages\/1174013","targetHints":{"allow":["GET"]}}],"collection":[{"href":"https:\/\/woofy.org\/en\/wp-json\/wp\/v2\/pages"}],"about":[{"href":"https:\/\/woofy.org\/en\/wp-json\/wp\/v2\/types\/page"}],"author":[{"embeddable":true,"href":"https:\/\/woofy.org\/en\/wp-json\/wp\/v2\/users\/23"}],"replies":[{"embeddable":true,"href":"https:\/\/woofy.org\/en\/wp-json\/wp\/v2\/comments?post=1174013"}],"version-history":[{"count":5,"href":"https:\/\/woofy.org\/en\/wp-json\/wp\/v2\/pages\/1174013\/revisions"}],"predecessor-version":[{"id":1174024,"href":"https:\/\/woofy.org\/en\/wp-json\/wp\/v2\/pages\/1174013\/revisions\/1174024"}],"wp:attachment":[{"href":"https:\/\/woofy.org\/en\/wp-json\/wp\/v2\/media?parent=1174013"}],"curies":[{"name":"wp","href":"https:\/\/api.w.org\/{rel}","templated":true}]}}