{"id":7066,"date":"2021-11-04T18:19:38","date_gmt":"2021-11-04T16:19:38","guid":{"rendered":"https:\/\/woofy.org\/checkout\/"},"modified":"2026-04-14T16:01:39","modified_gmt":"2026-04-14T13:01:39","slug":"kassa","status":"publish","type":"page","link":"https:\/\/woofy.org\/en\/kassa\/","title":{"rendered":"Checkout"},"content":{"rendered":"<div data-elementor-type=\"wp-page\" data-elementor-id=\"7066\" class=\"elementor elementor-7066\" data-elementor-post-type=\"page\">\n\t\t\t\t\t\t<section data-particle_enable=\"false\" data-particle-mobile-disabled=\"false\" class=\"elementor-section elementor-top-section elementor-element elementor-element-40ee7927 elementor-section-full_width elementor-section-height-default elementor-section-height-default\" data-id=\"40ee7927\" data-element_type=\"section\" data-e-type=\"section\" data-settings=\"{&quot;jet_parallax_layout_list&quot;:[{&quot;jet_parallax_layout_image&quot;:{&quot;url&quot;:&quot;&quot;,&quot;id&quot;:&quot;&quot;,&quot;size&quot;:&quot;&quot;},&quot;_id&quot;:&quot;b54d245&quot;,&quot;jet_parallax_layout_image_tablet&quot;:{&quot;url&quot;:&quot;&quot;,&quot;id&quot;:&quot;&quot;,&quot;size&quot;:&quot;&quot;},&quot;jet_parallax_layout_image_mobile&quot;:{&quot;url&quot;:&quot;&quot;,&quot;id&quot;:&quot;&quot;,&quot;size&quot;:&quot;&quot;},&quot;jet_parallax_layout_speed&quot;:{&quot;unit&quot;:&quot;%&quot;,&quot;size&quot;:50,&quot;sizes&quot;:[]},&quot;jet_parallax_layout_type&quot;:&quot;scroll&quot;,&quot;jet_parallax_layout_direction&quot;:&quot;1&quot;,&quot;jet_parallax_layout_fx_direction&quot;:null,&quot;jet_parallax_layout_z_index&quot;:&quot;&quot;,&quot;jet_parallax_layout_bg_x&quot;:50,&quot;jet_parallax_layout_bg_x_tablet&quot;:&quot;&quot;,&quot;jet_parallax_layout_bg_x_mobile&quot;:&quot;&quot;,&quot;jet_parallax_layout_bg_y&quot;:50,&quot;jet_parallax_layout_bg_y_tablet&quot;:&quot;&quot;,&quot;jet_parallax_layout_bg_y_mobile&quot;:&quot;&quot;,&quot;jet_parallax_layout_bg_size&quot;:&quot;auto&quot;,&quot;jet_parallax_layout_bg_size_tablet&quot;:&quot;&quot;,&quot;jet_parallax_layout_bg_size_mobile&quot;:&quot;&quot;,&quot;jet_parallax_layout_animation_prop&quot;:&quot;transform&quot;,&quot;jet_parallax_layout_on&quot;:[&quot;desktop&quot;,&quot;tablet&quot;]}]}\">\n\t\t\t\t\t\t<div class=\"elementor-container elementor-column-gap-default\">\n\t\t\t\t\t<div class=\"elementor-column elementor-col-100 elementor-top-column elementor-element elementor-element-4c138a3d\" data-id=\"4c138a3d\" data-element_type=\"column\" data-e-type=\"column\">\n\t\t\t<div class=\"elementor-widget-wrap elementor-element-populated\">\n\t\t\t\t\t\t<div class=\"elementor-element elementor-element-415b43a elementor-widget elementor-widget-heading\" data-id=\"415b43a\" data-element_type=\"widget\" data-e-type=\"widget\" data-widget_type=\"heading.default\">\n\t\t\t\t<div class=\"elementor-widget-container\">\n\t\t\t\t\t<h2 class=\"elementor-heading-title elementor-size-default\">Checkout<\/h2>\t\t\t\t<\/div>\n\t\t\t\t<\/div>\n\t\t\t\t\t<\/div>\n\t\t<\/div>\n\t\t\t\t\t<\/div>\n\t\t<\/section>\n\t\t\t\t<section data-particle_enable=\"false\" data-particle-mobile-disabled=\"false\" class=\"elementor-section elementor-top-section elementor-element elementor-element-5381b58 elementor-section-full_width elementor-section-height-default elementor-section-height-default\" data-id=\"5381b58\" data-element_type=\"section\" data-e-type=\"section\" data-settings=\"{&quot;jet_parallax_layout_list&quot;:[]}\">\n\t\t\t\t\t\t<div class=\"elementor-container elementor-column-gap-default\">\n\t\t\t\t\t<div class=\"elementor-column elementor-col-100 elementor-top-column elementor-element elementor-element-a0e69e5\" data-id=\"a0e69e5\" data-element_type=\"column\" data-e-type=\"column\">\n\t\t\t<div class=\"elementor-widget-wrap elementor-element-populated\">\n\t\t\t\t\t\t<div class=\"elementor-element elementor-element-1f8c288 elementor-widget__width-inherit e-checkout-layout-two-column elementor-widget elementor-widget-woocommerce-checkout-page\" data-id=\"1f8c288\" data-element_type=\"widget\" data-e-type=\"widget\" data-settings=\"{&quot;sticky_right_column&quot;:&quot;yes&quot;}\" data-widget_type=\"woocommerce-checkout-page.default\">\n\t\t\t\t<div class=\"elementor-widget-container\">\n\t\t\t\t\t<div class=\"woocommerce\"><\/div>\t\t\t\t<\/div>\n\t\t\t\t<\/div>\n\t\t\t\t\t<\/div>\n\t\t<\/div>\n\t\t\t\t\t<\/div>\n\t\t<\/section>\n\t\t\t\t<\/div>","protected":false},"excerpt":{"rendered":"<p>Kassa Billing Details First Name&nbsp;* Last Name&nbsp;* Company Name&nbsp;(valikuline) Riik \/ piirkond&nbsp;*Vali riik \/ piirkond&hellip;Afganistan\u00c5land IslandsAlbaaniaAl\u017eeeriaAmeerika SamoaAmeerika \u00dchendriigid (US)AndorraAngolaAnguillaAntarktikaAntigua ja BarbudaAraabia \u00dchendemiraadidArgentiinaArmeeniaAruubaAserbaid\u017eaanAustraaliaAustriaBahamaBahreinBangladeshBarbadosBelauBelgiaBelizeBeninBermudaBhutanBoliiviaBonaire, Saint Eustatius ja SabaBosnia ja HertsegoviinaBotswanaBouvet &#039;saarBrasiiliaBriti India ookeani alaBruneiBulgaariaBurkina FasoBurundiCape VerdeCooki saaredCosta RicaCura&ccedil;aoDjiboutiDominicaDominikaani VabariikEcuadorEestiEgiptusEkvatoriaal-GuineaEl SalvadorElevandiluurannikEritreaEswatiniEtioopiaFalklandi saaredFid\u017eiFilipiinidF\u00e4\u00e4ri saaredGabonGambiaGhanaGibraltarGrenadaGruusiaGr\u00f6\u00f6nimaaGuadeloupeGuamGuatemalaGuernseyGuineaGuinea-BissauGuyanaHaitiHeardi ja McDonaldi saaredHiinaHispaaniaHollandHondurasHongkongHorvaatiaIda-TimorIirimaaIisraelIndiaIndoneesiaIraakIraanIslandIsle of ManItaaliaJaapanJamaikaJeemenJerseyJordanJ\u00f5ulusaarKaimanisaaredKambod\u017eaKamerunKanadaKasahstanKatarKenyaKesk-Aafrika VabariikKiribatiKolumbiaKomooridKongo (Brazzaville)Kongo (Kinshasa)Kookossaared (Keelingi saared)KosovoKreekaKuubaKuveitK\u00f5rg\u00f5zstanK\u00fcprosLaosLeeduLesothoLibeeriaLiechtensteinLiibanonLiib\u00fcaLuksemburgL\u00f5una-Aafrika VabariikL\u00f5una-Georgia \/ Sandwichi saaredL\u00f5una-KoreaL\u00f5una-SudaanL\u00e4tiL\u00e4\u00e4ne-SaharasMacaoMadagaskarMalaisiaMalawiMaldiividMaliMaltaMarokoMarshalli saaredMartiniqueMauritaaniaMauritiusMayotteMehhikoMikroneesiaMoldovaMonacoMongooliaMontenegroMontserratMosambiikMyanmarNamiibiaNauruNeitsisaared [&hellip;]<\/p>","protected":false},"author":24,"featured_media":0,"parent":0,"menu_order":0,"comment_status":"closed","ping_status":"closed","template":"elementor_header_footer","meta":{"_acf_changed":false,"footnotes":""},"class_list":["post-7066","page","type-page","status-publish","hentry"],"acf":[],"yoast_head":"<!-- This site is optimized with the Yoast SEO plugin v26.5 - https:\/\/yoast.com\/wordpress\/plugins\/seo\/ -->\n<title>Kassa - Woofy<\/title>\n<meta name=\"robots\" content=\"index, follow, max-snippet:-1, max-image-preview:large, max-video-preview:-1\" \/>\n<link rel=\"canonical\" href=\"https:\/\/woofy.org\/en\/kassa\/\" \/>\n<meta property=\"og:locale\" content=\"en_GB\" \/>\n<meta property=\"og:type\" content=\"article\" \/>\n<meta property=\"og:title\" content=\"Kassa - Woofy\" \/>\n<meta property=\"og:description\" content=\"Kassa Billing Details First Name&nbsp;* Last Name&nbsp;* Company Name&nbsp;(valikuline) Riik \/ piirkond&nbsp;*Vali riik \/ piirkond&hellip;Afganistan\u00c5land IslandsAlbaaniaAl\u017eeeriaAmeerika SamoaAmeerika \u00dchendriigid (US)AndorraAngolaAnguillaAntarktikaAntigua ja BarbudaAraabia \u00dchendemiraadidArgentiinaArmeeniaAruubaAserbaid\u017eaanAustraaliaAustriaBahamaBahreinBangladeshBarbadosBelauBelgiaBelizeBeninBermudaBhutanBoliiviaBonaire, Saint Eustatius ja SabaBosnia ja HertsegoviinaBotswanaBouvet &#039;saarBrasiiliaBriti India ookeani alaBruneiBulgaariaBurkina FasoBurundiCape VerdeCooki saaredCosta RicaCura&ccedil;aoDjiboutiDominicaDominikaani VabariikEcuadorEestiEgiptusEkvatoriaal-GuineaEl SalvadorElevandiluurannikEritreaEswatiniEtioopiaFalklandi saaredFid\u017eiFilipiinidF\u00e4\u00e4ri saaredGabonGambiaGhanaGibraltarGrenadaGruusiaGr\u00f6\u00f6nimaaGuadeloupeGuamGuatemalaGuernseyGuineaGuinea-BissauGuyanaHaitiHeardi ja McDonaldi saaredHiinaHispaaniaHollandHondurasHongkongHorvaatiaIda-TimorIirimaaIisraelIndiaIndoneesiaIraakIraanIslandIsle of ManItaaliaJaapanJamaikaJeemenJerseyJordanJ\u00f5ulusaarKaimanisaaredKambod\u017eaKamerunKanadaKasahstanKatarKenyaKesk-Aafrika VabariikKiribatiKolumbiaKomooridKongo (Brazzaville)Kongo (Kinshasa)Kookossaared (Keelingi saared)KosovoKreekaKuubaKuveitK\u00f5rg\u00f5zstanK\u00fcprosLaosLeeduLesothoLibeeriaLiechtensteinLiibanonLiib\u00fcaLuksemburgL\u00f5una-Aafrika VabariikL\u00f5una-Georgia \/ Sandwichi saaredL\u00f5una-KoreaL\u00f5una-SudaanL\u00e4tiL\u00e4\u00e4ne-SaharasMacaoMadagaskarMalaisiaMalawiMaldiividMaliMaltaMarokoMarshalli saaredMartiniqueMauritaaniaMauritiusMayotteMehhikoMikroneesiaMoldovaMonacoMongooliaMontenegroMontserratMosambiikMyanmarNamiibiaNauruNeitsisaared [&hellip;]\" \/>\n<meta property=\"og:url\" content=\"https:\/\/woofy.org\/en\/kassa\/\" \/>\n<meta property=\"og:site_name\" content=\"Woofy\" \/>\n<meta property=\"article:modified_time\" content=\"2026-04-14T13:01:39+00:00\" \/>\n<meta name=\"twitter:card\" content=\"summary_large_image\" \/>\n<meta name=\"twitter:label1\" content=\"Estimated reading time\" \/>\n\t<meta name=\"twitter:data1\" content=\"3 minutes\" \/>\n<script type=\"application\/ld+json\" class=\"yoast-schema-graph\">{\"@context\":\"https:\/\/schema.org\",\"@graph\":[{\"@type\":\"WebPage\",\"@id\":\"https:\/\/woofy.org\/kassa\/\",\"url\":\"https:\/\/woofy.org\/kassa\/\",\"name\":\"Kassa - Woofy\",\"isPartOf\":{\"@id\":\"https:\/\/woofy.org\/#website\"},\"datePublished\":\"2021-11-04T16:19:38+00:00\",\"dateModified\":\"2026-04-14T13:01:39+00:00\",\"breadcrumb\":{\"@id\":\"https:\/\/woofy.org\/kassa\/#breadcrumb\"},\"inLanguage\":\"en-GB\",\"potentialAction\":[{\"@type\":\"ReadAction\",\"target\":[\"https:\/\/woofy.org\/kassa\/\"]}]},{\"@type\":\"BreadcrumbList\",\"@id\":\"https:\/\/woofy.org\/kassa\/#breadcrumb\",\"itemListElement\":[{\"@type\":\"ListItem\",\"position\":1,\"name\":\"Home\",\"item\":\"https:\/\/woofy.org\/\"},{\"@type\":\"ListItem\",\"position\":2,\"name\":\"Kassa\"}]},{\"@type\":\"WebSite\",\"@id\":\"https:\/\/woofy.org\/#website\",\"url\":\"https:\/\/woofy.org\/\",\"name\":\"Woofy\",\"description\":\"Veebiagentuur, veebilahendused\",\"potentialAction\":[{\"@type\":\"SearchAction\",\"target\":{\"@type\":\"EntryPoint\",\"urlTemplate\":\"https:\/\/woofy.org\/?s={search_term_string}\"},\"query-input\":{\"@type\":\"PropertyValueSpecification\",\"valueRequired\":true,\"valueName\":\"search_term_string\"}}],\"inLanguage\":\"en-GB\"}]}<\/script>\n<!-- \/ Yoast SEO plugin. -->","yoast_head_json":{"title":"Kassa - Woofy","robots":{"index":"index","follow":"follow","max-snippet":"max-snippet:-1","max-image-preview":"max-image-preview:large","max-video-preview":"max-video-preview:-1"},"canonical":"https:\/\/woofy.org\/en\/kassa\/","og_locale":"en_GB","og_type":"article","og_title":"Kassa - Woofy","og_description":"Kassa Billing Details First Name&nbsp;* Last Name&nbsp;* Company Name&nbsp;(valikuline) Riik \/ piirkond&nbsp;*Vali riik \/ piirkond&hellip;Afganistan\u00c5land IslandsAlbaaniaAl\u017eeeriaAmeerika SamoaAmeerika \u00dchendriigid (US)AndorraAngolaAnguillaAntarktikaAntigua ja BarbudaAraabia \u00dchendemiraadidArgentiinaArmeeniaAruubaAserbaid\u017eaanAustraaliaAustriaBahamaBahreinBangladeshBarbadosBelauBelgiaBelizeBeninBermudaBhutanBoliiviaBonaire, Saint Eustatius ja SabaBosnia ja HertsegoviinaBotswanaBouvet &#039;saarBrasiiliaBriti India ookeani alaBruneiBulgaariaBurkina FasoBurundiCape VerdeCooki saaredCosta RicaCura&ccedil;aoDjiboutiDominicaDominikaani VabariikEcuadorEestiEgiptusEkvatoriaal-GuineaEl SalvadorElevandiluurannikEritreaEswatiniEtioopiaFalklandi saaredFid\u017eiFilipiinidF\u00e4\u00e4ri saaredGabonGambiaGhanaGibraltarGrenadaGruusiaGr\u00f6\u00f6nimaaGuadeloupeGuamGuatemalaGuernseyGuineaGuinea-BissauGuyanaHaitiHeardi ja McDonaldi saaredHiinaHispaaniaHollandHondurasHongkongHorvaatiaIda-TimorIirimaaIisraelIndiaIndoneesiaIraakIraanIslandIsle of ManItaaliaJaapanJamaikaJeemenJerseyJordanJ\u00f5ulusaarKaimanisaaredKambod\u017eaKamerunKanadaKasahstanKatarKenyaKesk-Aafrika VabariikKiribatiKolumbiaKomooridKongo (Brazzaville)Kongo (Kinshasa)Kookossaared (Keelingi saared)KosovoKreekaKuubaKuveitK\u00f5rg\u00f5zstanK\u00fcprosLaosLeeduLesothoLibeeriaLiechtensteinLiibanonLiib\u00fcaLuksemburgL\u00f5una-Aafrika VabariikL\u00f5una-Georgia \/ Sandwichi saaredL\u00f5una-KoreaL\u00f5una-SudaanL\u00e4tiL\u00e4\u00e4ne-SaharasMacaoMadagaskarMalaisiaMalawiMaldiividMaliMaltaMarokoMarshalli saaredMartiniqueMauritaaniaMauritiusMayotteMehhikoMikroneesiaMoldovaMonacoMongooliaMontenegroMontserratMosambiikMyanmarNamiibiaNauruNeitsisaared [&hellip;]","og_url":"https:\/\/woofy.org\/en\/kassa\/","og_site_name":"Woofy","article_modified_time":"2026-04-14T13:01:39+00:00","twitter_card":"summary_large_image","twitter_misc":{"Estimated reading time":"3 minutes"},"schema":{"@context":"https:\/\/schema.org","@graph":[{"@type":"WebPage","@id":"https:\/\/woofy.org\/kassa\/","url":"https:\/\/woofy.org\/kassa\/","name":"Kassa - Woofy","isPartOf":{"@id":"https:\/\/woofy.org\/#website"},"datePublished":"2021-11-04T16:19:38+00:00","dateModified":"2026-04-14T13:01:39+00:00","breadcrumb":{"@id":"https:\/\/woofy.org\/kassa\/#breadcrumb"},"inLanguage":"en-GB","potentialAction":[{"@type":"ReadAction","target":["https:\/\/woofy.org\/kassa\/"]}]},{"@type":"BreadcrumbList","@id":"https:\/\/woofy.org\/kassa\/#breadcrumb","itemListElement":[{"@type":"ListItem","position":1,"name":"Home","item":"https:\/\/woofy.org\/"},{"@type":"ListItem","position":2,"name":"Kassa"}]},{"@type":"WebSite","@id":"https:\/\/woofy.org\/#website","url":"https:\/\/woofy.org\/","name":"Woofy","description":"Veebiagentuur, veebilahendused","potentialAction":[{"@type":"SearchAction","target":{"@type":"EntryPoint","urlTemplate":"https:\/\/woofy.org\/?s={search_term_string}"},"query-input":{"@type":"PropertyValueSpecification","valueRequired":true,"valueName":"search_term_string"}}],"inLanguage":"en-GB"}]}},"_links":{"self":[{"href":"https:\/\/woofy.org\/en\/wp-json\/wp\/v2\/pages\/7066","targetHints":{"allow":["GET"]}}],"collection":[{"href":"https:\/\/woofy.org\/en\/wp-json\/wp\/v2\/pages"}],"about":[{"href":"https:\/\/woofy.org\/en\/wp-json\/wp\/v2\/types\/page"}],"author":[{"embeddable":true,"href":"https:\/\/woofy.org\/en\/wp-json\/wp\/v2\/users\/24"}],"replies":[{"embeddable":true,"href":"https:\/\/woofy.org\/en\/wp-json\/wp\/v2\/comments?post=7066"}],"version-history":[{"count":5,"href":"https:\/\/woofy.org\/en\/wp-json\/wp\/v2\/pages\/7066\/revisions"}],"predecessor-version":[{"id":1174291,"href":"https:\/\/woofy.org\/en\/wp-json\/wp\/v2\/pages\/7066\/revisions\/1174291"}],"wp:attachment":[{"href":"https:\/\/woofy.org\/en\/wp-json\/wp\/v2\/media?parent=7066"}],"curies":[{"name":"wp","href":"https:\/\/api.w.org\/{rel}","templated":true}]}}