{"id":7068,"date":"2021-11-04T18:52:00","date_gmt":"2021-11-04T16:52:00","guid":{"rendered":"https:\/\/woofy.org\/?page_id=7068"},"modified":"2023-07-24T18:49:57","modified_gmt":"2023-07-24T15:49:57","slug":"muugiinfo","status":"publish","type":"page","link":"https:\/\/woofy.org\/en\/muugiinfo\/","title":{"rendered":"Terms &amp; Conditions"},"content":{"rendered":"<div data-elementor-type=\"wp-page\" data-elementor-id=\"7068\" class=\"elementor elementor-7068\" data-elementor-post-type=\"page\">\n\t\t\t\t\t\t<section data-particle_enable=\"false\" data-particle-mobile-disabled=\"false\" class=\"elementor-section elementor-top-section elementor-element elementor-element-59de2117 elementor-section-boxed elementor-section-height-default elementor-section-height-default\" data-id=\"59de2117\" data-element_type=\"section\" data-e-type=\"section\" data-settings=\"{&quot;jet_parallax_layout_list&quot;:[{&quot;jet_parallax_layout_image&quot;:{&quot;url&quot;:&quot;&quot;,&quot;id&quot;:&quot;&quot;,&quot;size&quot;:&quot;&quot;},&quot;_id&quot;:&quot;3bed7f8&quot;,&quot;jet_parallax_layout_image_tablet&quot;:{&quot;url&quot;:&quot;&quot;,&quot;id&quot;:&quot;&quot;,&quot;size&quot;:&quot;&quot;},&quot;jet_parallax_layout_image_mobile&quot;:{&quot;url&quot;:&quot;&quot;,&quot;id&quot;:&quot;&quot;,&quot;size&quot;:&quot;&quot;},&quot;jet_parallax_layout_speed&quot;:{&quot;unit&quot;:&quot;%&quot;,&quot;size&quot;:50,&quot;sizes&quot;:[]},&quot;jet_parallax_layout_type&quot;:&quot;scroll&quot;,&quot;jet_parallax_layout_direction&quot;:&quot;1&quot;,&quot;jet_parallax_layout_fx_direction&quot;:null,&quot;jet_parallax_layout_z_index&quot;:&quot;&quot;,&quot;jet_parallax_layout_bg_x&quot;:50,&quot;jet_parallax_layout_bg_x_tablet&quot;:&quot;&quot;,&quot;jet_parallax_layout_bg_x_mobile&quot;:&quot;&quot;,&quot;jet_parallax_layout_bg_y&quot;:50,&quot;jet_parallax_layout_bg_y_tablet&quot;:&quot;&quot;,&quot;jet_parallax_layout_bg_y_mobile&quot;:&quot;&quot;,&quot;jet_parallax_layout_bg_size&quot;:&quot;auto&quot;,&quot;jet_parallax_layout_bg_size_tablet&quot;:&quot;&quot;,&quot;jet_parallax_layout_bg_size_mobile&quot;:&quot;&quot;,&quot;jet_parallax_layout_animation_prop&quot;:&quot;transform&quot;,&quot;jet_parallax_layout_on&quot;:[&quot;desktop&quot;,&quot;tablet&quot;]}]}\">\n\t\t\t\t\t\t<div class=\"elementor-container elementor-column-gap-default\">\n\t\t\t\t\t<div class=\"elementor-column elementor-col-100 elementor-top-column elementor-element elementor-element-6479efc2\" data-id=\"6479efc2\" data-element_type=\"column\" data-e-type=\"column\">\n\t\t\t<div class=\"elementor-widget-wrap elementor-element-populated\">\n\t\t\t\t\t\t<div class=\"elementor-element elementor-element-2cded62 elementor-widget elementor-widget-heading\" data-id=\"2cded62\" data-element_type=\"widget\" data-e-type=\"widget\" data-widget_type=\"heading.default\">\n\t\t\t\t<div class=\"elementor-widget-container\">\n\t\t\t\t\t<h2 class=\"elementor-heading-title elementor-size-default\">Veebipoe m\u00fc\u00fcgiinfo<\/h2>\t\t\t\t<\/div>\n\t\t\t\t<\/div>\n\t\t\t\t<div class=\"elementor-element elementor-element-5976ff69 elementor-widget elementor-widget-text-editor\" data-id=\"5976ff69\" data-element_type=\"widget\" data-e-type=\"widget\" data-widget_type=\"text-editor.default\">\n\t\t\t\t<div class=\"elementor-widget-container\">\n\t\t\t\t\t\t\t\t\t<p><\/p>\n<p>Veebipoe woofy.org (edaspidi&nbsp; Veebipood) omanik on 89 OU\u0308 (registrikood 12845820), asukohaga Madara 31, Tallinn.<\/p>\n<h3>Mu\u0308u\u0308gilepingu kehtivus, kauba- ja hinnainfo<\/h3>\n<p>Mu\u0308u\u0308gitingimused kehtivad Veebipoest kaupade ostmisel. Veebipoes mu\u0308u\u0308davate toodete hinnad on ma\u0308rgitud toodete juurde. Hinnale ei lisandu tasu kauba ka\u0308ttetoimetamise eest. Ko\u0303ik veebipoes mu\u0308u\u0308davate kaupade hinnad on eurodes.<\/p>\n<h3>Tellimuse vormistamine<\/h3>\n<p>Siin peab kaupmees la\u0308htuma just oma veebipoe ostu sooritamise lahendusest. Kauba tellimiseks tuleb lisada soovitud tooted ostukorvi. Tellimuse vormistamiseks tuleb ta\u0308ita no\u0303utud andmeva\u0308ljad. Seeja\u0308rel kuvatakse ekraanile tasu suurus, mille saab tasuda turvaliselt la\u0308bi ja\u0308rgnevate makseviiside:<\/p>\n<p><strong>Eesti pangalingid: Swedbank, SEB, Luminor, LHV, Coop Pank, Citadele, Visa\/Mastercard kaardimaksed<\/strong><\/p>\n<p><strong>NB!<\/strong> Pangalingiga tasumisel vajutada kindlasti panga lehel nupule \u201eTagasi kaupmehe juurde\u201c.<\/p>\n<p>Makseid vahendab <strong>Montonio.com<\/strong>. Mu\u0308u\u0308jal puudub ligipa\u0308a\u0308s kliendi panga ja krediitkaardi andmetele. Leping jo\u0303ustub alates tasumisele kuuluva summa laekumisest Veebipoe arvelduskontole.<\/p>\n<p>Veebipoe omanik on isikuandmete vastutav to\u0308o\u0308tleja ning edastab maksete teostamiseks vajalikud isikuandmed volitatud to\u0308o\u0308tleja Montonio Finance.<\/p>\n<h3>Taganemiso\u0303igus<\/h3>\n<p>Pa\u0308rast tellimuse ka\u0308ttesaamist on ostjal o\u0303igus e-poes so\u0303lmitud lepingust taganeda 14 pa\u0308eva jooksul.<\/p>\n<p><em>NB! Olenevalt toodetest ei pruugi ostjal taganemise o\u0303igust olla, vastavad tooted ja teenused tuleb sellisel juhul loetleda ning need peavad vastama&nbsp;<strong><a href=\"https:\/\/www.riigiteataja.ee\/akt\/961235?leiaKehtiv\" target=\"_blank\" rel=\"noopener noreferrer\">vo\u0303lao\u0303igusseaduse<\/a>&nbsp;\u00a7 53 lg-s 4<\/strong> loetletud tingimustele.<\/em><\/p>\n<p>Kuup\u00f5hist tellimust on v\u00f5imalik kliendil igal hetkel \u00fclesse \u00f6elda. Saates meile sellekohase t\u00fchistamis sooviga e-mailil.<\/p>\n<h3>Pretensiooni esitamise o\u0303igus<\/h3>\n<p>Kuna tegemist on virtuaalse tootega, mille parandamist saab teha viivitamatult siis on vajalik k\u00f5igepealt kliendil viidata puudustele kodulehe uuendamisega seoses. Kui vigu ei \u00f5nnestu eemaldada siis j\u00e4rgmise kuu arvet ei esitata.<\/p>\n<h3>Otseturustus ja isikuandmete to\u0308o\u0308tlemine<\/h3>\n<p>Veebipood kasutab ostja poolt sisestatud isikuandmeid ainult tellimuse to\u0308o\u0308tlemiseks ning kauba ostjale saatmiseks.&nbsp;<\/p>\n<p>Veebipood saadab ostjale uudiskirju ning pakkumisi ostja e-maili aadressile ainult juhul, kui ostja on selleks avaldanud soovi sisestades veebilehel e-kirja aadressi ning andnud teada oma soovist otsepostituse teadete saamiseks.<\/p>\n<p>Ostjal on igal ajal vo\u0303imalik loobuda e-postile saadetavatest pakkumistest ja uudiskirjadest andes sellest meile teada e-kirja teel vo\u0303i ja\u0308rgides pakkumisi sisaldava e-kirjas toodud juhiseid.<\/p>\n<h3>Vaidluste lahendamine<\/h3>\n<p>Kui ostjal on Veebipoe osas pretensioone, tuleb need saata e-kirja aadressile ergo@woofy.org vo\u0303i helistada telefonil: 56450690<\/p>\n<p>Kui ostja ja Veebipood ei suuda lahendada vaidlust kokkuleppe teel, siis on ostjal vo\u0303imalik po\u0308o\u0308rduda Tarbijavaidluste komisjoni poole. Menetlustingimustega saab tutvuda ning avaldust esitada&nbsp;<strong><a href=\"https:\/\/komisjon.ee\/et\/avalduse-esitamine\" target=\"_blank\" rel=\"noopener noreferrer\">siin<\/a>.<\/strong> Tarbijavaidluste komisjoni pa\u0308devuses on lahendada ostja ja Veebipoe vahel so\u0303lmitud lepingust tulenevaid vaidlusi. Ostja kaebuse la\u0308bivaatamine komisjonis on tasuta.<\/p>\n<p>Ostja vo\u0303ib po\u0308o\u0308rduda Euroopa Liidu tarbijavaidlusi lahendava platvormi&nbsp;<strong><a href=\"https:\/\/ec.europa.eu\/consumers\/odr\/main\/index.cfm?event=main.home2.show&amp;lng=ET\" target=\"_blank\" rel=\"noopener noreferrer\">poole<\/a>.<\/strong><\/p>\n<p><\/p>\t\t\t\t\t\t\t\t<\/div>\n\t\t\t\t<\/div>\n\t\t\t\t\t<\/div>\n\t\t<\/div>\n\t\t\t\t\t<\/div>\n\t\t<\/section>\n\t\t\t\t<\/div>","protected":false},"excerpt":{"rendered":"<p>Veebipoe m\u00fc\u00fcgiinfo Veebipoe woofy.org (edaspidi&nbsp; Veebipood) omanik on 89 OU\u0308 (registrikood 12845820), asukohaga Madara 31, Tallinn. Mu\u0308u\u0308gilepingu kehtivus, kauba- ja hinnainfo Mu\u0308u\u0308gitingimused kehtivad Veebipoest kaupade ostmisel. Veebipoes mu\u0308u\u0308davate toodete hinnad on ma\u0308rgitud toodete juurde. Hinnale ei lisandu tasu kauba ka\u0308ttetoimetamise eest. Ko\u0303ik veebipoes mu\u0308u\u0308davate kaupade hinnad on eurodes. Tellimuse vormistamine Siin peab kaupmees la\u0308htuma just [&hellip;]<\/p>","protected":false},"author":24,"featured_media":0,"parent":0,"menu_order":0,"comment_status":"closed","ping_status":"closed","template":"elementor_header_footer","meta":{"_acf_changed":false,"footnotes":""},"class_list":["post-7068","page","type-page","status-publish","hentry"],"acf":[],"yoast_head":"<!-- This site is optimized with the Yoast SEO plugin v26.5 - https:\/\/yoast.com\/wordpress\/plugins\/seo\/ -->\n<title>M\u00fc\u00fcgiinfo - Woofy<\/title>\n<meta name=\"robots\" content=\"index, follow, max-snippet:-1, max-image-preview:large, max-video-preview:-1\" \/>\n<link rel=\"canonical\" href=\"https:\/\/woofy.org\/en\/muugiinfo\/\" \/>\n<meta property=\"og:locale\" content=\"en_GB\" \/>\n<meta property=\"og:type\" content=\"article\" \/>\n<meta property=\"og:title\" content=\"M\u00fc\u00fcgiinfo - Woofy\" \/>\n<meta property=\"og:description\" content=\"Veebipoe m\u00fc\u00fcgiinfo Veebipoe woofy.org (edaspidi&nbsp; Veebipood) omanik on 89 OU\u0308 (registrikood 12845820), asukohaga Madara 31, Tallinn. Mu\u0308u\u0308gilepingu kehtivus, kauba- ja hinnainfo Mu\u0308u\u0308gitingimused kehtivad Veebipoest kaupade ostmisel. Veebipoes mu\u0308u\u0308davate toodete hinnad on ma\u0308rgitud toodete juurde. Hinnale ei lisandu tasu kauba ka\u0308ttetoimetamise eest. Ko\u0303ik veebipoes mu\u0308u\u0308davate kaupade hinnad on eurodes. Tellimuse vormistamine Siin peab kaupmees la\u0308htuma just [&hellip;]\" \/>\n<meta property=\"og:url\" content=\"https:\/\/woofy.org\/en\/muugiinfo\/\" \/>\n<meta property=\"og:site_name\" content=\"Woofy\" \/>\n<meta property=\"article:modified_time\" content=\"2023-07-24T15:49:57+00:00\" \/>\n<meta name=\"twitter:card\" content=\"summary_large_image\" \/>\n<meta name=\"twitter:label1\" content=\"Estimated reading time\" \/>\n\t<meta name=\"twitter:data1\" content=\"3 minutes\" \/>\n<script type=\"application\/ld+json\" class=\"yoast-schema-graph\">{\"@context\":\"https:\/\/schema.org\",\"@graph\":[{\"@type\":\"WebPage\",\"@id\":\"https:\/\/woofy.org\/muugiinfo\/\",\"url\":\"https:\/\/woofy.org\/muugiinfo\/\",\"name\":\"M\u00fc\u00fcgiinfo - Woofy\",\"isPartOf\":{\"@id\":\"https:\/\/woofy.org\/#website\"},\"datePublished\":\"2021-11-04T16:52:00+00:00\",\"dateModified\":\"2023-07-24T15:49:57+00:00\",\"breadcrumb\":{\"@id\":\"https:\/\/woofy.org\/muugiinfo\/#breadcrumb\"},\"inLanguage\":\"en-GB\",\"potentialAction\":[{\"@type\":\"ReadAction\",\"target\":[\"https:\/\/woofy.org\/muugiinfo\/\"]}]},{\"@type\":\"BreadcrumbList\",\"@id\":\"https:\/\/woofy.org\/muugiinfo\/#breadcrumb\",\"itemListElement\":[{\"@type\":\"ListItem\",\"position\":1,\"name\":\"Home\",\"item\":\"https:\/\/woofy.org\/\"},{\"@type\":\"ListItem\",\"position\":2,\"name\":\"M\u00fc\u00fcgiinfo\"}]},{\"@type\":\"WebSite\",\"@id\":\"https:\/\/woofy.org\/#website\",\"url\":\"https:\/\/woofy.org\/\",\"name\":\"Woofy\",\"description\":\"Veebiagentuur, veebilahendused\",\"potentialAction\":[{\"@type\":\"SearchAction\",\"target\":{\"@type\":\"EntryPoint\",\"urlTemplate\":\"https:\/\/woofy.org\/?s={search_term_string}\"},\"query-input\":{\"@type\":\"PropertyValueSpecification\",\"valueRequired\":true,\"valueName\":\"search_term_string\"}}],\"inLanguage\":\"en-GB\"}]}<\/script>\n<!-- \/ Yoast SEO plugin. -->","yoast_head_json":{"title":"M\u00fc\u00fcgiinfo - Woofy","robots":{"index":"index","follow":"follow","max-snippet":"max-snippet:-1","max-image-preview":"max-image-preview:large","max-video-preview":"max-video-preview:-1"},"canonical":"https:\/\/woofy.org\/en\/muugiinfo\/","og_locale":"en_GB","og_type":"article","og_title":"M\u00fc\u00fcgiinfo - Woofy","og_description":"Veebipoe m\u00fc\u00fcgiinfo Veebipoe woofy.org (edaspidi&nbsp; Veebipood) omanik on 89 OU\u0308 (registrikood 12845820), asukohaga Madara 31, Tallinn. Mu\u0308u\u0308gilepingu kehtivus, kauba- ja hinnainfo Mu\u0308u\u0308gitingimused kehtivad Veebipoest kaupade ostmisel. Veebipoes mu\u0308u\u0308davate toodete hinnad on ma\u0308rgitud toodete juurde. Hinnale ei lisandu tasu kauba ka\u0308ttetoimetamise eest. Ko\u0303ik veebipoes mu\u0308u\u0308davate kaupade hinnad on eurodes. Tellimuse vormistamine Siin peab kaupmees la\u0308htuma just [&hellip;]","og_url":"https:\/\/woofy.org\/en\/muugiinfo\/","og_site_name":"Woofy","article_modified_time":"2023-07-24T15:49:57+00:00","twitter_card":"summary_large_image","twitter_misc":{"Estimated reading time":"3 minutes"},"schema":{"@context":"https:\/\/schema.org","@graph":[{"@type":"WebPage","@id":"https:\/\/woofy.org\/muugiinfo\/","url":"https:\/\/woofy.org\/muugiinfo\/","name":"M\u00fc\u00fcgiinfo - Woofy","isPartOf":{"@id":"https:\/\/woofy.org\/#website"},"datePublished":"2021-11-04T16:52:00+00:00","dateModified":"2023-07-24T15:49:57+00:00","breadcrumb":{"@id":"https:\/\/woofy.org\/muugiinfo\/#breadcrumb"},"inLanguage":"en-GB","potentialAction":[{"@type":"ReadAction","target":["https:\/\/woofy.org\/muugiinfo\/"]}]},{"@type":"BreadcrumbList","@id":"https:\/\/woofy.org\/muugiinfo\/#breadcrumb","itemListElement":[{"@type":"ListItem","position":1,"name":"Home","item":"https:\/\/woofy.org\/"},{"@type":"ListItem","position":2,"name":"M\u00fc\u00fcgiinfo"}]},{"@type":"WebSite","@id":"https:\/\/woofy.org\/#website","url":"https:\/\/woofy.org\/","name":"Woofy","description":"Veebiagentuur, veebilahendused","potentialAction":[{"@type":"SearchAction","target":{"@type":"EntryPoint","urlTemplate":"https:\/\/woofy.org\/?s={search_term_string}"},"query-input":{"@type":"PropertyValueSpecification","valueRequired":true,"valueName":"search_term_string"}}],"inLanguage":"en-GB"}]}},"_links":{"self":[{"href":"https:\/\/woofy.org\/en\/wp-json\/wp\/v2\/pages\/7068","targetHints":{"allow":["GET"]}}],"collection":[{"href":"https:\/\/woofy.org\/en\/wp-json\/wp\/v2\/pages"}],"about":[{"href":"https:\/\/woofy.org\/en\/wp-json\/wp\/v2\/types\/page"}],"author":[{"embeddable":true,"href":"https:\/\/woofy.org\/en\/wp-json\/wp\/v2\/users\/24"}],"replies":[{"embeddable":true,"href":"https:\/\/woofy.org\/en\/wp-json\/wp\/v2\/comments?post=7068"}],"version-history":[{"count":5,"href":"https:\/\/woofy.org\/en\/wp-json\/wp\/v2\/pages\/7068\/revisions"}],"predecessor-version":[{"id":1173978,"href":"https:\/\/woofy.org\/en\/wp-json\/wp\/v2\/pages\/7068\/revisions\/1173978"}],"wp:attachment":[{"href":"https:\/\/woofy.org\/en\/wp-json\/wp\/v2\/media?parent=7068"}],"curies":[{"name":"wp","href":"https:\/\/api.w.org\/{rel}","templated":true}]}}