{"id":8632,"date":"2022-06-21T12:04:42","date_gmt":"2022-06-21T09:04:42","guid":{"rendered":"https:\/\/woofy.org\/?page_id=8632"},"modified":"2022-06-21T14:51:33","modified_gmt":"2022-06-21T11:51:33","slug":"list","status":"publish","type":"page","link":"https:\/\/woofy.org\/en\/list\/","title":{"rendered":"list"},"content":{"rendered":"<div data-elementor-type=\"wp-page\" data-elementor-id=\"8632\" class=\"elementor elementor-8632\" data-elementor-post-type=\"page\">\n\t\t\t\t\t\t<section data-particle_enable=\"false\" data-particle-mobile-disabled=\"false\" class=\"elementor-section elementor-top-section elementor-element elementor-element-da26573 elementor-section-boxed elementor-section-height-default elementor-section-height-default\" data-id=\"da26573\" data-element_type=\"section\" data-e-type=\"section\" data-settings=\"{&quot;jet_parallax_layout_list&quot;:[]}\">\n\t\t\t\t\t\t<div class=\"elementor-container elementor-column-gap-default\">\n\t\t\t\t\t<div class=\"elementor-column elementor-col-50 elementor-top-column elementor-element elementor-element-3d5514a\" data-id=\"3d5514a\" data-element_type=\"column\" data-e-type=\"column\">\n\t\t\t<div class=\"elementor-widget-wrap elementor-element-populated\">\n\t\t\t\t\t\t<div class=\"elementor-element elementor-element-cb4c91d elementor-widget elementor-widget-heading\" data-id=\"cb4c91d\" data-element_type=\"widget\" data-e-type=\"widget\" data-widget_type=\"heading.default\">\n\t\t\t\t<div class=\"elementor-widget-container\">\n\t\t\t\t\t<h2 class=\"elementor-heading-title elementor-size-default\">What is important?\n<\/h2>\t\t\t\t<\/div>\n\t\t\t\t<\/div>\n\t\t\t\t<div class=\"elementor-element elementor-element-09567db elementor-widget elementor-widget-text-editor\" data-id=\"09567db\" data-element_type=\"widget\" data-e-type=\"widget\" data-widget_type=\"text-editor.default\">\n\t\t\t\t<div class=\"elementor-widget-container\">\n\t\t\t\t\t\t\t\t\t<p>We make websites, e-shops and web development for companies that want to sell their services or products online. We help to digitize the concept of your company, which is clear and easy to understand for the visitor.<\/p>\t\t\t\t\t\t\t\t<\/div>\n\t\t\t\t<\/div>\n\t\t\t\t<div class=\"elementor-element elementor-element-d68d421 elementor-widget elementor-widget-image\" data-id=\"d68d421\" data-element_type=\"widget\" data-e-type=\"widget\" data-widget_type=\"image.default\">\n\t\t\t\t<div class=\"elementor-widget-container\">\n\t\t\t\t\t\t\t\t\t\t\t\t\t\t\t<img fetchpriority=\"high\" decoding=\"async\" width=\"1024\" height=\"1024\" src=\"https:\/\/woofy.org\/wp-content\/uploads\/2022\/06\/Vactor-1.svg\" class=\"attachment-large size-large wp-image-8635\" alt=\"\" srcset=\"https:\/\/woofy.org\/wp-content\/uploads\/\/2022\/06\/Vactor-1.svg 150w, https:\/\/woofy.org\/wp-content\/uploads\/\/2022\/06\/Vactor-1.svg 300w, https:\/\/woofy.org\/wp-content\/uploads\/\/2022\/06\/Vactor-1.svg 1024w, https:\/\/woofy.org\/wp-content\/uploads\/\/2022\/06\/Vactor-1.svg 500w\" sizes=\"(max-width: 1024px) 100vw, 1024px\" \/>\t\t\t\t\t\t\t\t\t\t\t\t\t\t\t<\/div>\n\t\t\t\t<\/div>\n\t\t\t\t\t<\/div>\n\t\t<\/div>\n\t\t\t\t<div class=\"elementor-column elementor-col-50 elementor-top-column elementor-element elementor-element-d0d9307\" data-id=\"d0d9307\" data-element_type=\"column\" data-e-type=\"column\">\n\t\t\t<div class=\"elementor-widget-wrap elementor-element-populated\">\n\t\t\t\t\t\t<div class=\"elementor-element elementor-element-34c85ab elementor-widget elementor-widget-eael-feature-list\" data-id=\"34c85ab\" data-element_type=\"widget\" data-e-type=\"widget\" data-widget_type=\"eael-feature-list.default\">\n\t\t\t\t<div class=\"elementor-widget-container\">\n\t\t\t\t\t\t\t<div class=\"-icon-position-left -tablet-icon-position-left -mobile-icon-position-left\">\n\t\t\t<ul id=\"eael-feature-list-34c85ab\" class=\"eael-feature-list-items square stacked connector-type-modern eael-feature-list-vertical\" data-layout-tablet=\"vertical\" data-layout-mobile=\"vertical\">\n\t\t\t                <li class=\"eael-feature-list-item elementor-repeater-item-37cfbd3\">\n                                            <span class=\"connector\" style=\"right: calc(100% - 80px); left: 0;\"><\/span>\n                        <span class=\"connector connector-tablet\" style=\"right: calc(100% - 80px); left: 0;\"><\/span>\n                        <span class=\"connector connector-mobile\" style=\"right: calc(100% - 80px); left: 0;\"><\/span>\n                    \n\t\t\t\t\t\t<div class=\"eael-feature-list-icon-box\">\n\t\t\t\t\t\t\t<div class=\"eael-feature-list-icon-inner\">\n\n\t\t\t\t\t\t\t\t<a class=\"eael-feature-list-icon fl-icon-0\"href=\"https:\/\/woofy.org\/en\/e-poe-tegemine\/\">\n\n\t\t<i aria-hidden=\"true\" class=\"fas fa-shopping-cart\"><\/i>\t\t\t\t\t\t\t\t<\/a>\n\t\t\t\t\t\t\t<\/div>\n\t\t\t\t\t\t<\/div>\n\t\t\t\t\t\t<div class=\"eael-feature-list-content-box\">\n                            <h2 class=\"eael-feature-list-title\"><a href=\"https:\/\/woofy.org\/en\/e-poe-tegemine\/\">Creating an e-shop  <\/a><\/h2>\t\t\t\t\t\t<p class=\"eael-feature-list-content\">We will build an e-store environment and add a payment solution, delivery options, invoice sending, return policy, accounting integration, customer account creation.\n \n<\/p>\n\t\t\t\t\t\t<\/div>\n\n\t\t\t\t\t<\/li>\n\t\t\t\t                <li class=\"eael-feature-list-item elementor-repeater-item-6f7fc28\">\n                                            <span class=\"connector\" style=\"right: calc(100% - 80px); left: 0;\"><\/span>\n                        <span class=\"connector connector-tablet\" style=\"right: calc(100% - 80px); left: 0;\"><\/span>\n                        <span class=\"connector connector-mobile\" style=\"right: calc(100% - 80px); left: 0;\"><\/span>\n                    \n\t\t\t\t\t\t<div class=\"eael-feature-list-icon-box\">\n\t\t\t\t\t\t\t<div class=\"eael-feature-list-icon-inner\">\n\n\t\t\t\t\t\t\t\t<a class=\"eael-feature-list-icon fl-icon-1\"href=\"https:\/\/woofy.org\/en\/cateringi-tellimiskeskkond\/\">\n\n\t\t<i aria-hidden=\"true\" class=\"far fa-calendar-check\"><\/i>\t\t\t\t\t\t\t\t<\/a>\n\t\t\t\t\t\t\t<\/div>\n\t\t\t\t\t\t<\/div>\n\t\t\t\t\t\t<div class=\"eael-feature-list-content-box\">\n                            <h2 class=\"eael-feature-list-title\"><a href=\"https:\/\/woofy.org\/en\/cateringi-tellimiskeskkond\/\">Catering ordering system<\/a><\/h2>\t\t\t\t\t\t<p class=\"eael-feature-list-content\">We are building a food ordering systems, as a result of which it is possible to submit a price offer to the customer in 3-5 minutes. Next is the invoice to the customer and also an immediate bank payments.<\/p>\n\t\t\t\t\t\t<\/div>\n\n\t\t\t\t\t<\/li>\n\t\t\t\t                <li class=\"eael-feature-list-item elementor-repeater-item-247b6af\">\n                                            <span class=\"connector\" style=\"right: calc(100% - 80px); left: 0;\"><\/span>\n                        <span class=\"connector connector-tablet\" style=\"right: calc(100% - 80px); left: 0;\"><\/span>\n                        <span class=\"connector connector-mobile\" style=\"right: calc(100% - 80px); left: 0;\"><\/span>\n                    \n\t\t\t\t\t\t<div class=\"eael-feature-list-icon-box\">\n\t\t\t\t\t\t\t<div class=\"eael-feature-list-icon-inner\">\n\n\t\t\t\t\t\t\t\t<a class=\"eael-feature-list-icon fl-icon-2\"href=\"https:\/\/woofy.org\/en\/teenused\/\">\n\n\t\t<i aria-hidden=\"true\" class=\"fas fa-pencil-ruler\"><\/i>\t\t\t\t\t\t\t\t<\/a>\n\t\t\t\t\t\t\t<\/div>\n\t\t\t\t\t\t<\/div>\n\t\t\t\t\t\t<div class=\"eael-feature-list-content-box\">\n                            <h2 class=\"eael-feature-list-title\"><a href=\"https:\/\/woofy.org\/en\/teenused\/\">Web development and design<\/a><\/h2>\t\t\t\t\t\t<p class=\"eael-feature-list-content\">Do you want a beautiful and effective website that your company can be proud of? We design and develop such interesting websites every day.<\/p>\n\t\t\t\t\t\t<\/div>\n\n\t\t\t\t\t<\/li>\n\t\t\t\t                <li class=\"eael-feature-list-item elementor-repeater-item-316f83a\">\n                                            <span class=\"connector\" style=\"right: calc(100% - 80px); left: 0;\"><\/span>\n                        <span class=\"connector connector-tablet\" style=\"right: calc(100% - 80px); left: 0;\"><\/span>\n                        <span class=\"connector connector-mobile\" style=\"right: calc(100% - 80px); left: 0;\"><\/span>\n                    \n\t\t\t\t\t\t<div class=\"eael-feature-list-icon-box\">\n\t\t\t\t\t\t\t<div class=\"eael-feature-list-icon-inner\">\n\n\t\t\t\t\t\t\t\t<a class=\"eael-feature-list-icon fl-icon-3\"href=\"https:\/\/woofy.org\/en\/kodulehe-uuendus\/\">\n\n\t\t<i aria-hidden=\"true\" class=\"far fa-clock\"><\/i>\t\t\t\t\t\t\t\t<\/a>\n\t\t\t\t\t\t\t<\/div>\n\t\t\t\t\t\t<\/div>\n\t\t\t\t\t\t<div class=\"eael-feature-list-content-box\">\n                            <h2 class=\"eael-feature-list-title\"><a href=\"https:\/\/woofy.org\/en\/kodulehe-uuendus\/\">Website updates and maintenance<\/a><\/h2>\t\t\t\t\t\t<p class=\"eael-feature-list-content\">We manage your website on the WordPress platform as you manage your business. Your business website is online 24 hours a day.<\/p>\n\t\t\t\t\t\t<\/div>\n\n\t\t\t\t\t<\/li>\n\t\t\t\t\t\t\t<\/ul>\n\t\t<\/div>\n\t\t\t\t\t\t<\/div>\n\t\t\t\t<\/div>\n\t\t\t\t\t<\/div>\n\t\t<\/div>\n\t\t\t\t\t<\/div>\n\t\t<\/section>\n\t\t\t\t<\/div>","protected":false},"excerpt":{"rendered":"<p>Mis on sulle oluline? Teeme veebilehti, e-poode ja veebiarendust ettev\u00f5tetele, kellel on soov oma teenuseid v\u00f5i tooteid veebis m\u00fc\u00fca. Aitame digitaliseerida sinu ettev\u00f5tte kontseptsiooni, mis on selge ja lihtsalt arusaadav k\u00fclastajale. E-poe tegemine Ehitame e-poe keskkonna ja lisame makselahenduse, tarne v\u00f5imalused, arve saatmine, tagastus, raamatupidamise \u00fchendamine, kliendikonto loomine. Catering tellimiskeskkond Ehitame toidu tellimiskeskkonna, mille tulemusel [&hellip;]<\/p>","protected":false},"author":24,"featured_media":0,"parent":0,"menu_order":0,"comment_status":"closed","ping_status":"closed","template":"elementor_header_footer","meta":{"_acf_changed":false,"footnotes":""},"class_list":["post-8632","page","type-page","status-publish","hentry"],"acf":[],"yoast_head":"<!-- This site is optimized with the Yoast SEO plugin v26.5 - https:\/\/yoast.com\/wordpress\/plugins\/seo\/ -->\n<title>list - Woofy<\/title>\n<meta name=\"robots\" content=\"index, follow, max-snippet:-1, max-image-preview:large, max-video-preview:-1\" \/>\n<link rel=\"canonical\" href=\"https:\/\/woofy.org\/en\/list\/\" \/>\n<meta property=\"og:locale\" content=\"en_GB\" \/>\n<meta property=\"og:type\" content=\"article\" \/>\n<meta property=\"og:title\" content=\"list - Woofy\" \/>\n<meta property=\"og:description\" content=\"Mis on sulle oluline? Teeme veebilehti, e-poode ja veebiarendust ettev\u00f5tetele, kellel on soov oma teenuseid v\u00f5i tooteid veebis m\u00fc\u00fca. Aitame digitaliseerida sinu ettev\u00f5tte kontseptsiooni, mis on selge ja lihtsalt arusaadav k\u00fclastajale. E-poe tegemine Ehitame e-poe keskkonna ja lisame makselahenduse, tarne v\u00f5imalused, arve saatmine, tagastus, raamatupidamise \u00fchendamine, kliendikonto loomine. Catering tellimiskeskkond Ehitame toidu tellimiskeskkonna, mille tulemusel [&hellip;]\" \/>\n<meta property=\"og:url\" content=\"https:\/\/woofy.org\/en\/list\/\" \/>\n<meta property=\"og:site_name\" content=\"Woofy\" \/>\n<meta property=\"article:modified_time\" content=\"2022-06-21T11:51:33+00:00\" \/>\n<meta property=\"og:image\" content=\"https:\/\/woofy.org\/wp-content\/uploads\/2022\/06\/Vactor-1.svg\" \/>\n<meta name=\"twitter:card\" content=\"summary_large_image\" \/>\n<meta name=\"twitter:label1\" content=\"Estimated reading time\" \/>\n\t<meta name=\"twitter:data1\" content=\"1 minute\" \/>\n<script type=\"application\/ld+json\" class=\"yoast-schema-graph\">{\"@context\":\"https:\/\/schema.org\",\"@graph\":[{\"@type\":\"WebPage\",\"@id\":\"https:\/\/woofy.org\/list\/\",\"url\":\"https:\/\/woofy.org\/list\/\",\"name\":\"list - Woofy\",\"isPartOf\":{\"@id\":\"https:\/\/woofy.org\/#website\"},\"primaryImageOfPage\":{\"@id\":\"https:\/\/woofy.org\/list\/#primaryimage\"},\"image\":{\"@id\":\"https:\/\/woofy.org\/list\/#primaryimage\"},\"thumbnailUrl\":\"https:\/\/woofy.org\/wp-content\/uploads\/2022\/06\/Vactor-1.svg\",\"datePublished\":\"2022-06-21T09:04:42+00:00\",\"dateModified\":\"2022-06-21T11:51:33+00:00\",\"breadcrumb\":{\"@id\":\"https:\/\/woofy.org\/list\/#breadcrumb\"},\"inLanguage\":\"en-GB\",\"potentialAction\":[{\"@type\":\"ReadAction\",\"target\":[\"https:\/\/woofy.org\/list\/\"]}]},{\"@type\":\"ImageObject\",\"inLanguage\":\"en-GB\",\"@id\":\"https:\/\/woofy.org\/list\/#primaryimage\",\"url\":\"https:\/\/woofy.org\/wp-content\/uploads\/2022\/06\/Vactor-1.svg\",\"contentUrl\":\"https:\/\/woofy.org\/wp-content\/uploads\/2022\/06\/Vactor-1.svg\"},{\"@type\":\"BreadcrumbList\",\"@id\":\"https:\/\/woofy.org\/list\/#breadcrumb\",\"itemListElement\":[{\"@type\":\"ListItem\",\"position\":1,\"name\":\"Home\",\"item\":\"https:\/\/woofy.org\/\"},{\"@type\":\"ListItem\",\"position\":2,\"name\":\"list\"}]},{\"@type\":\"WebSite\",\"@id\":\"https:\/\/woofy.org\/#website\",\"url\":\"https:\/\/woofy.org\/\",\"name\":\"Woofy\",\"description\":\"Veebiagentuur, veebilahendused\",\"potentialAction\":[{\"@type\":\"SearchAction\",\"target\":{\"@type\":\"EntryPoint\",\"urlTemplate\":\"https:\/\/woofy.org\/?s={search_term_string}\"},\"query-input\":{\"@type\":\"PropertyValueSpecification\",\"valueRequired\":true,\"valueName\":\"search_term_string\"}}],\"inLanguage\":\"en-GB\"}]}<\/script>\n<!-- \/ Yoast SEO plugin. -->","yoast_head_json":{"title":"list - Woofy","robots":{"index":"index","follow":"follow","max-snippet":"max-snippet:-1","max-image-preview":"max-image-preview:large","max-video-preview":"max-video-preview:-1"},"canonical":"https:\/\/woofy.org\/en\/list\/","og_locale":"en_GB","og_type":"article","og_title":"list - Woofy","og_description":"Mis on sulle oluline? Teeme veebilehti, e-poode ja veebiarendust ettev\u00f5tetele, kellel on soov oma teenuseid v\u00f5i tooteid veebis m\u00fc\u00fca. Aitame digitaliseerida sinu ettev\u00f5tte kontseptsiooni, mis on selge ja lihtsalt arusaadav k\u00fclastajale. E-poe tegemine Ehitame e-poe keskkonna ja lisame makselahenduse, tarne v\u00f5imalused, arve saatmine, tagastus, raamatupidamise \u00fchendamine, kliendikonto loomine. Catering tellimiskeskkond Ehitame toidu tellimiskeskkonna, mille tulemusel [&hellip;]","og_url":"https:\/\/woofy.org\/en\/list\/","og_site_name":"Woofy","article_modified_time":"2022-06-21T11:51:33+00:00","og_image":[{"url":"https:\/\/woofy.org\/wp-content\/uploads\/2022\/06\/Vactor-1.svg","type":"","width":"","height":""}],"twitter_card":"summary_large_image","twitter_misc":{"Estimated reading time":"1 minute"},"schema":{"@context":"https:\/\/schema.org","@graph":[{"@type":"WebPage","@id":"https:\/\/woofy.org\/list\/","url":"https:\/\/woofy.org\/list\/","name":"list - Woofy","isPartOf":{"@id":"https:\/\/woofy.org\/#website"},"primaryImageOfPage":{"@id":"https:\/\/woofy.org\/list\/#primaryimage"},"image":{"@id":"https:\/\/woofy.org\/list\/#primaryimage"},"thumbnailUrl":"https:\/\/woofy.org\/wp-content\/uploads\/2022\/06\/Vactor-1.svg","datePublished":"2022-06-21T09:04:42+00:00","dateModified":"2022-06-21T11:51:33+00:00","breadcrumb":{"@id":"https:\/\/woofy.org\/list\/#breadcrumb"},"inLanguage":"en-GB","potentialAction":[{"@type":"ReadAction","target":["https:\/\/woofy.org\/list\/"]}]},{"@type":"ImageObject","inLanguage":"en-GB","@id":"https:\/\/woofy.org\/list\/#primaryimage","url":"https:\/\/woofy.org\/wp-content\/uploads\/2022\/06\/Vactor-1.svg","contentUrl":"https:\/\/woofy.org\/wp-content\/uploads\/2022\/06\/Vactor-1.svg"},{"@type":"BreadcrumbList","@id":"https:\/\/woofy.org\/list\/#breadcrumb","itemListElement":[{"@type":"ListItem","position":1,"name":"Home","item":"https:\/\/woofy.org\/"},{"@type":"ListItem","position":2,"name":"list"}]},{"@type":"WebSite","@id":"https:\/\/woofy.org\/#website","url":"https:\/\/woofy.org\/","name":"Woofy","description":"Veebiagentuur, veebilahendused","potentialAction":[{"@type":"SearchAction","target":{"@type":"EntryPoint","urlTemplate":"https:\/\/woofy.org\/?s={search_term_string}"},"query-input":{"@type":"PropertyValueSpecification","valueRequired":true,"valueName":"search_term_string"}}],"inLanguage":"en-GB"}]}},"_links":{"self":[{"href":"https:\/\/woofy.org\/en\/wp-json\/wp\/v2\/pages\/8632","targetHints":{"allow":["GET"]}}],"collection":[{"href":"https:\/\/woofy.org\/en\/wp-json\/wp\/v2\/pages"}],"about":[{"href":"https:\/\/woofy.org\/en\/wp-json\/wp\/v2\/types\/page"}],"author":[{"embeddable":true,"href":"https:\/\/woofy.org\/en\/wp-json\/wp\/v2\/users\/24"}],"replies":[{"embeddable":true,"href":"https:\/\/woofy.org\/en\/wp-json\/wp\/v2\/comments?post=8632"}],"version-history":[{"count":5,"href":"https:\/\/woofy.org\/en\/wp-json\/wp\/v2\/pages\/8632\/revisions"}],"predecessor-version":[{"id":8694,"href":"https:\/\/woofy.org\/en\/wp-json\/wp\/v2\/pages\/8632\/revisions\/8694"}],"wp:attachment":[{"href":"https:\/\/woofy.org\/en\/wp-json\/wp\/v2\/media?parent=8632"}],"curies":[{"name":"wp","href":"https:\/\/api.w.org\/{rel}","templated":true}]}}